{"id":117,"date":"2025-04-27T17:38:04","date_gmt":"2025-04-27T15:38:04","guid":{"rendered":"http:\/\/cywilni-ucs.pl\/?page_id=117"},"modified":"2025-05-16T16:32:07","modified_gmt":"2025-05-16T14:32:07","slug":"ochrona-danych-osobowych","status":"publish","type":"page","link":"https:\/\/cywilni-ucs.pl\/?page_id=117","title":{"rendered":"Klauzula o ochronie danych osobowych"},"content":{"rendered":"\n<ol class=\"wp-block-list\">\n<li>Administratorem Twoich danych osobowych jest Og\u00f3lnopolski Zwi\u0105zek Zawodowy Pracownik\u00f3w Cywilnych Urz\u0119d\u00f3w Celno-Skarbowych Krajowej Administracji Skarbowej z siedzib\u0105 we Wroc\u0142awiu przy ul. Stacyjnej 10 (53-613 Wroc\u0142aw) &#8211; dalej OZZ Cywilni UCS lub Zwi\u0105zek.<\/li>\n\n\n\n<li>Administrator Twoich danych wyznaczy\u0142 Inspektora Ochrony Danych &#8211; Chrystiana Szpilskiego, z kt\u00f3rym mo\u017cesz skontaktowa\u0107 si\u0119 korespondencyjnie na adres Zwi\u0105zku z dopiskiem \u201eIOD\u201d lub na adres e-mail iod@cywilni-ucs.pl.<\/li>\n\n\n\n<li>OZZ Cywilni UCS b\u0119dzie przetwarza\u0142 Twoje dane osobowe w zale\u017cno\u015bci od stosunku jaki wi\u0105\u017ce Ci\u0119 ze Zwi\u0105zkiem. W przypadku cz\u0142onk\u00f3w Zwi\u0105zku, przetwarzaniu b\u0119d\u0105 podlega\u0142y w szczeg\u00f3lno\u015bci Twoje imi\u0119 (imiona), nazwisko, data urodzenia, adres korespondencyjny, data urodzenia, numer PESEL, numer telefonu kom\u00f3rkowego, adres e-mail oraz informacje o zatrudnieniu. W odniesieniu do os\u00f3b innych ni\u017c cz\u0142onkowie Zwi\u0105zku, przetwarzaniu podlega\u0107 mog\u0105 r\u00f3\u017cne dane osobowe tj. imi\u0119 (imiona), nazwisko, adres e-mail, numer telefonu, adres korespondencyjny lub inne niezb\u0119dne ze wzgl\u0119du na stosunek prawny zawierany ze Zwi\u0105zkiem.<\/li>\n\n\n\n<li>OZZ Cywilni UCS w odniesieniu do swoich cz\u0142onk\u00f3w przetwarza dane szczeg\u00f3lnej kategorii jakimi s\u0105 informacje o przynale\u017cno\u015bci do zwi\u0105zku zawodowego.<\/li>\n\n\n\n<li>Twoje dane osobowe przetwarzane w odniesieniu do cz\u0142onk\u00f3w Zwi\u0105zku w celu realizacji zada\u0144 statutowych OZZ Cywilni UCS oraz wynikaj\u0105cych bezpo\u015brednio z przepis\u00f3w Kodeksu pracy, ustawy z dnia 23 maja 1991 r. o zwi\u0105zkach zawodowych oraz innych akt\u00f3w prawnych reguluj\u0105cych dzia\u0142alno\u015b\u0107 Zwi\u0105zku. W odniesieniu do os\u00f3b nieb\u0119d\u0105cych cz\u0142onkami Zwi\u0105zku, Twoje dane osobowe b\u0119d\u0105 przetwarzane w celu realizacji stosunku prawnego \u0142\u0105cz\u0105cego Ci\u0119 ze Zwi\u0105zkiem.<\/li>\n\n\n\n<li>Podstaw\u0105 prawn\u0105 do przetwarzania&nbsp;Twoich danych osobowych jest Twoja zgoda. Zgoda na przetwarzanie danych osobowych nie jest obowi\u0105zkowa ale jej udzielenie mo\u017ce okaza\u0107 si\u0119 konieczne np. je\u015bli chcesz zosta\u0107 cz\u0142onkiem Zwi\u0105zku. <\/li>\n\n\n\n<li>Masz prawo wycofania zgody na przetwarzanie Twoich danych, kt\u00f3ra nie wp\u0142ywa na na zgodno\u015b\u0107 z prawem przetwarzania, kt\u00f3rego dokonano na podstawie zgody przed jej cofni\u0119ciem. Cofni\u0119cie zgody na przetwarzanie danych, mo\u017ce skutkowa\u0107 konieczno\u015bci\u0105 skre\u015blenia z listy cz\u0142onk\u00f3w lub zako\u0144czeniem wi\u0105\u017c\u0105cego Ci\u0119 ze Zwi\u0105zkiem stosunku prawnego.<\/li>\n\n\n\n<li>Twoje osobowe b\u0119d\u0105 przetwarzane w imieniu OZZ Cywilni UCS przez cz\u0142onk\u00f3w organ\u00f3w statutowych zwi\u0105zku oraz upowa\u017cnionych cz\u0142onk\u00f3w i pracownik\u00f3w&nbsp;wy\u0142\u0105cznie w celach, o kt\u00f3rych mowa w niniejszej Klauzuli. <\/li>\n\n\n\n<li>Twoje dane osobowe b\u0119d\u0105 przechowywane przez okres trwania Twojego cz\u0142onkostwa w Zwi\u0105zku lub w czasie trwania innego \u0142\u0105cz\u0105cego Ci\u0119 ze Zwi\u0105zkiem stosunku prawnego a tak\u017ce po tym czasie przez okres nie d\u0142u\u017cszy ni\u017c 10 lat.<\/li>\n\n\n\n<li>Twoje dane osobowe mog\u0105 by\u0107 udost\u0119pniane podmiotom zewn\u0119trznym takim jak dostawcy us\u0142ug prawnych i ksi\u0119gowych oraz podmioty wsp\u00f3\u0142pracuj\u0105ce ze Zwi\u0105zkiem na zasadach przewidzianych w statucie Zwi\u0105zku oraz odr\u0119bnych przepisach prawa.<\/li>\n\n\n\n<li>Na zasadach okre\u015blonych przepisami prawa przys\u0142uguje Ci:<br>&#8211; prawo dost\u0119pu do tre\u015bci Twoich danych,<br>&#8211; prawo do ich sprostowania, gdy s\u0105 niezgodne ze stanem rzeczywistym,<br>&#8211; prawo do ich usuni\u0119cia, ograniczenia przetwarzania, a tak\u017ce przenoszenia danych \u2013 w przypadkach przewidzianych prawem,<br>&#8211; prawo do wniesienia sprzeciwu wobec przetwarzania danych,<br>&#8211; prawo do wniesienia skargi do organu nadzorczego \u2013 Prezesa Urz\u0119du Ochrony Danych Osobowych, gdy uzna Pani\/Pan, \u017ce przetwarzanie Pani\/Pana danych osobowych narusza przepisy o ochronie danych osobowych.<\/li>\n\n\n\n<li>Zwi\u0105zek nie planuje przekazywania Twoich danych osobowych do pa\u0144stwa trzeciego lub organizacji mi\u0119dzynarodowych.<\/li>\n\n\n\n<li>Twoje dane osobowe nie b\u0119d\u0105 przedmiotem profilowania ani nie b\u0119d\u0105 wykorzystywane w procesach zautomatyzowanego podejmowania decyzji. <\/li>\n<\/ol>\n","protected":false},"excerpt":{"rendered":"<p> [&hellip;]<\/p>\n","protected":false},"author":1,"featured_media":0,"parent":0,"menu_order":0,"comment_status":"closed","ping_status":"closed","template":"","meta":{"footnotes":""},"class_list":["post-117","page","type-page","status-publish","hentry"],"yoast_head":"<!-- This site is optimized with the Yoast SEO plugin v24.8.1 - https:\/\/yoast.com\/wordpress\/plugins\/seo\/ -->\n<title>Klauzula o ochronie danych osobowych - OZZ Cywilni UCS<\/title>\n<meta name=\"robots\" content=\"index, follow, max-snippet:-1, max-image-preview:large, max-video-preview:-1\" \/>\n<link rel=\"canonical\" href=\"https:\/\/cywilni-ucs.pl\/?page_id=117\" \/>\n<meta property=\"og:locale\" content=\"pl_PL\" \/>\n<meta property=\"og:type\" content=\"article\" \/>\n<meta property=\"og:title\" content=\"Klauzula o ochronie danych osobowych - OZZ Cywilni UCS\" \/>\n<meta property=\"og:description\" content=\"[&hellip;]\" \/>\n<meta property=\"og:url\" content=\"https:\/\/cywilni-ucs.pl\/?page_id=117\" \/>\n<meta property=\"og:site_name\" content=\"OZZ Cywilni UCS\" \/>\n<meta property=\"article:modified_time\" content=\"2025-05-16T14:32:07+00:00\" \/>\n<meta name=\"twitter:card\" content=\"summary_large_image\" \/>\n<meta name=\"twitter:label1\" content=\"Szacowany czas czytania\" \/>\n\t<meta name=\"twitter:data1\" content=\"3 minuty\" \/>\n<script type=\"application\/ld+json\" class=\"yoast-schema-graph\">{\"@context\":\"https:\/\/schema.org\",\"@graph\":[{\"@type\":\"WebPage\",\"@id\":\"https:\/\/cywilni-ucs.pl\/?page_id=117\",\"url\":\"https:\/\/cywilni-ucs.pl\/?page_id=117\",\"name\":\"Klauzula o ochronie danych osobowych - OZZ Cywilni UCS\",\"isPartOf\":{\"@id\":\"https:\/\/cywilni-ucs.pl\/#website\"},\"datePublished\":\"2025-04-27T15:38:04+00:00\",\"dateModified\":\"2025-05-16T14:32:07+00:00\",\"breadcrumb\":{\"@id\":\"https:\/\/cywilni-ucs.pl\/?page_id=117#breadcrumb\"},\"inLanguage\":\"pl-PL\",\"potentialAction\":[{\"@type\":\"ReadAction\",\"target\":[\"https:\/\/cywilni-ucs.pl\/?page_id=117\"]}]},{\"@type\":\"BreadcrumbList\",\"@id\":\"https:\/\/cywilni-ucs.pl\/?page_id=117#breadcrumb\",\"itemListElement\":[{\"@type\":\"ListItem\",\"position\":1,\"name\":\"Home\",\"item\":\"https:\/\/cywilni-ucs.pl\/\"},{\"@type\":\"ListItem\",\"position\":2,\"name\":\"Klauzula o ochronie danych osobowych\"}]},{\"@type\":\"WebSite\",\"@id\":\"https:\/\/cywilni-ucs.pl\/#website\",\"url\":\"https:\/\/cywilni-ucs.pl\/\",\"name\":\"OZZ Cywilni UCS\",\"description\":\"Tw\u00f3j Zwi\u0105zek Zawodowy\",\"potentialAction\":[{\"@type\":\"SearchAction\",\"target\":{\"@type\":\"EntryPoint\",\"urlTemplate\":\"https:\/\/cywilni-ucs.pl\/?s={search_term_string}\"},\"query-input\":{\"@type\":\"PropertyValueSpecification\",\"valueRequired\":true,\"valueName\":\"search_term_string\"}}],\"inLanguage\":\"pl-PL\"}]}<\/script>\n<!-- \/ Yoast SEO plugin. -->","yoast_head_json":{"title":"Klauzula o ochronie danych osobowych - OZZ Cywilni UCS","robots":{"index":"index","follow":"follow","max-snippet":"max-snippet:-1","max-image-preview":"max-image-preview:large","max-video-preview":"max-video-preview:-1"},"canonical":"https:\/\/cywilni-ucs.pl\/?page_id=117","og_locale":"pl_PL","og_type":"article","og_title":"Klauzula o ochronie danych osobowych - OZZ Cywilni UCS","og_description":"[&hellip;]","og_url":"https:\/\/cywilni-ucs.pl\/?page_id=117","og_site_name":"OZZ Cywilni UCS","article_modified_time":"2025-05-16T14:32:07+00:00","twitter_card":"summary_large_image","twitter_misc":{"Szacowany czas czytania":"3 minuty"},"schema":{"@context":"https:\/\/schema.org","@graph":[{"@type":"WebPage","@id":"https:\/\/cywilni-ucs.pl\/?page_id=117","url":"https:\/\/cywilni-ucs.pl\/?page_id=117","name":"Klauzula o ochronie danych osobowych - OZZ Cywilni UCS","isPartOf":{"@id":"https:\/\/cywilni-ucs.pl\/#website"},"datePublished":"2025-04-27T15:38:04+00:00","dateModified":"2025-05-16T14:32:07+00:00","breadcrumb":{"@id":"https:\/\/cywilni-ucs.pl\/?page_id=117#breadcrumb"},"inLanguage":"pl-PL","potentialAction":[{"@type":"ReadAction","target":["https:\/\/cywilni-ucs.pl\/?page_id=117"]}]},{"@type":"BreadcrumbList","@id":"https:\/\/cywilni-ucs.pl\/?page_id=117#breadcrumb","itemListElement":[{"@type":"ListItem","position":1,"name":"Home","item":"https:\/\/cywilni-ucs.pl\/"},{"@type":"ListItem","position":2,"name":"Klauzula o ochronie danych osobowych"}]},{"@type":"WebSite","@id":"https:\/\/cywilni-ucs.pl\/#website","url":"https:\/\/cywilni-ucs.pl\/","name":"OZZ Cywilni UCS","description":"Tw\u00f3j Zwi\u0105zek Zawodowy","potentialAction":[{"@type":"SearchAction","target":{"@type":"EntryPoint","urlTemplate":"https:\/\/cywilni-ucs.pl\/?s={search_term_string}"},"query-input":{"@type":"PropertyValueSpecification","valueRequired":true,"valueName":"search_term_string"}}],"inLanguage":"pl-PL"}]}},"_links":{"self":[{"href":"https:\/\/cywilni-ucs.pl\/index.php?rest_route=\/wp\/v2\/pages\/117","targetHints":{"allow":["GET"]}}],"collection":[{"href":"https:\/\/cywilni-ucs.pl\/index.php?rest_route=\/wp\/v2\/pages"}],"about":[{"href":"https:\/\/cywilni-ucs.pl\/index.php?rest_route=\/wp\/v2\/types\/page"}],"author":[{"embeddable":true,"href":"https:\/\/cywilni-ucs.pl\/index.php?rest_route=\/wp\/v2\/users\/1"}],"replies":[{"embeddable":true,"href":"https:\/\/cywilni-ucs.pl\/index.php?rest_route=%2Fwp%2Fv2%2Fcomments&post=117"}],"version-history":[{"count":6,"href":"https:\/\/cywilni-ucs.pl\/index.php?rest_route=\/wp\/v2\/pages\/117\/revisions"}],"predecessor-version":[{"id":253,"href":"https:\/\/cywilni-ucs.pl\/index.php?rest_route=\/wp\/v2\/pages\/117\/revisions\/253"}],"wp:attachment":[{"href":"https:\/\/cywilni-ucs.pl\/index.php?rest_route=%2Fwp%2Fv2%2Fmedia&parent=117"}],"curies":[{"name":"wp","href":"https:\/\/api.w.org\/{rel}","templated":true}]}}