{"id":118,"date":"2025-04-27T17:38:04","date_gmt":"2025-04-27T15:38:04","guid":{"rendered":"http:\/\/cywilni-ucs.pl\/?page_id=118"},"modified":"2025-06-10T17:07:44","modified_gmt":"2025-06-10T15:07:44","slug":"informacje-o-skladkach","status":"publish","type":"page","link":"https:\/\/cywilni-ucs.pl\/?page_id=118","title":{"rendered":"Polityka Cookies"},"content":{"rendered":"\n<ol class=\"wp-block-list\">\n<li>Serwis www.cywilni-ucs.pl u\u017cywa plik\u00f3w cookies. W poni\u017cszym dokumencie informujemy o korzystaniu z&nbsp;plik\u00f3w cookies w serwisie www.cywilni-ucs.pl.<\/li>\n\n\n\n<li>Pliki cookies to ma\u0142e fragmenty tekstu, kodu, kt\u00f3re s\u0105 wysy\u0142ane do przegl\u0105darki i&nbsp;kt\u00f3re&nbsp;przegl\u0105darka wysy\u0142a z powrotem. Niekt\u00f3re cookies s\u0105 czasem zapisywane na danym urz\u0105dzeniu podczas przegl\u0105dania serwisu www.cywilni-ucs.pl. Istniej\u0105 r\u00f3\u017cne rodzaje plik\u00f3w cookies. Pliki cookies u\u017cywane w serwisie www.cywilni-ucs.pl. zosta\u0142y podzielone na&nbsp;nast\u0119puj\u0105ce kategorie:<br>&#8211; niezb\u0119dne pliki cookies;<br>&#8211; funkcjonalne;<br>&#8211; analityczne&nbsp;<\/li>\n\n\n\n<li>Pliki cookies, kt\u00f3re s\u0105 niezb\u0119dne do korzystania z serwisu www.cywilni-ucs.pl, s\u0142u\u017c\u0105 m.in. do zapewnienia stabilno\u015bci jego funkcjonowania (mierz\u0105 ruch i zabezpieczaj\u0105 nas przed\u00a0 przeci\u0105\u017ceniem). Te pliki cookies s\u0105 absolutnie niezb\u0119dne, aby serwis www.cywilni-ucs.plm\u00f3g\u0142 \u015bwiadczy\u0107 us\u0142ugi, i\/lub wy\u0142\u0105cznie w celu transmisji us\u0142ug i\/lub serwisu www.cywilni-ucs.pl.<\/li>\n\n\n\n<li>Funkcjonalne pliki cookies &#8211; zapami\u0119tywanie wybranych preferencji dotycz\u0105cych prywatno\u015bci, wype\u0142nie\u0144 formularzy on-line, zapami\u0119tywanie ustawie\u0144 strony internetowej.<\/li>\n\n\n\n<li>Analityczne pliki cookies &#8211; pozosta\u0142e pliki cookies wykorzystujemy jednie wtedy, gdy wyrazisz na&nbsp;to&nbsp;zgod\u0119. Te pliki cookies pomagaj\u0105 nam ulepsza\u0107 i mierzy\u0107 wydajno\u015b\u0107 serwisu www.cywilni-ucs.pl poprzez zbieranie i raportowanie informacji o tym, jak z niego korzystasz.<\/li>\n\n\n\n<li>Podczas wizyty w serwisie www.cywilni-ucs.pl zostanie wy\u015bwietlony komunikat informuj\u0105cy, \u017ce wykorzystuje on pliki www.cywilni-ucs.pl<\/li>\n\n\n\n<li>W wi\u0119kszo\u015bci przegl\u0105darek internetowych mo\u017cna: kasowa\u0107 pliki typu cookies z twardego dysku komputera (z poziomu ustawie\u0144 przegl\u0105darki), zablokowa\u0107 wszystkie przysy\u0142ane pliki typu cookies lub ustawi\u0107 ostrze\u017cenie przed zapisaniem ich na dysku.<\/li>\n\n\n\n<li>Nale\u017cy mie\u0107 na uwadze, \u017ce zmiany ustawie\u0144 tych plik\u00f3w polegaj\u0105ce na ograniczeniu ich stosowania mog\u0105 wp\u0142yn\u0105\u0107 na niekt\u00f3re funkcjonalno\u015bci dost\u0119pne na stronach internetowych je stosuj\u0105cych.<\/li>\n<\/ol>\n\n\n\n<p><\/p>\n","protected":false},"excerpt":{"rendered":"<p> [&hellip;]<\/p>\n","protected":false},"author":1,"featured_media":0,"parent":0,"menu_order":0,"comment_status":"closed","ping_status":"closed","template":"","meta":{"footnotes":""},"class_list":["post-118","page","type-page","status-publish","hentry"],"yoast_head":"<!-- This site is optimized with the Yoast SEO plugin v24.8.1 - https:\/\/yoast.com\/wordpress\/plugins\/seo\/ -->\n<title>Polityka Cookies - OZZ Cywilni UCS<\/title>\n<meta name=\"robots\" content=\"index, follow, max-snippet:-1, max-image-preview:large, max-video-preview:-1\" \/>\n<link rel=\"canonical\" href=\"https:\/\/cywilni-ucs.pl\/?page_id=118\" \/>\n<meta property=\"og:locale\" content=\"pl_PL\" \/>\n<meta property=\"og:type\" content=\"article\" \/>\n<meta property=\"og:title\" content=\"Polityka Cookies - OZZ Cywilni UCS\" \/>\n<meta property=\"og:description\" content=\"[&hellip;]\" \/>\n<meta property=\"og:url\" content=\"https:\/\/cywilni-ucs.pl\/?page_id=118\" \/>\n<meta property=\"og:site_name\" content=\"OZZ Cywilni UCS\" \/>\n<meta property=\"article:modified_time\" content=\"2025-06-10T15:07:44+00:00\" \/>\n<meta name=\"twitter:card\" content=\"summary_large_image\" \/>\n<meta name=\"twitter:label1\" content=\"Szacowany czas czytania\" \/>\n\t<meta name=\"twitter:data1\" content=\"2 minuty\" \/>\n<script type=\"application\/ld+json\" class=\"yoast-schema-graph\">{\"@context\":\"https:\/\/schema.org\",\"@graph\":[{\"@type\":\"WebPage\",\"@id\":\"https:\/\/cywilni-ucs.pl\/?page_id=118\",\"url\":\"https:\/\/cywilni-ucs.pl\/?page_id=118\",\"name\":\"Polityka Cookies - OZZ Cywilni UCS\",\"isPartOf\":{\"@id\":\"https:\/\/cywilni-ucs.pl\/#website\"},\"datePublished\":\"2025-04-27T15:38:04+00:00\",\"dateModified\":\"2025-06-10T15:07:44+00:00\",\"breadcrumb\":{\"@id\":\"https:\/\/cywilni-ucs.pl\/?page_id=118#breadcrumb\"},\"inLanguage\":\"pl-PL\",\"potentialAction\":[{\"@type\":\"ReadAction\",\"target\":[\"https:\/\/cywilni-ucs.pl\/?page_id=118\"]}]},{\"@type\":\"BreadcrumbList\",\"@id\":\"https:\/\/cywilni-ucs.pl\/?page_id=118#breadcrumb\",\"itemListElement\":[{\"@type\":\"ListItem\",\"position\":1,\"name\":\"Home\",\"item\":\"https:\/\/cywilni-ucs.pl\/\"},{\"@type\":\"ListItem\",\"position\":2,\"name\":\"Polityka Cookies\"}]},{\"@type\":\"WebSite\",\"@id\":\"https:\/\/cywilni-ucs.pl\/#website\",\"url\":\"https:\/\/cywilni-ucs.pl\/\",\"name\":\"OZZ Cywilni UCS\",\"description\":\"Tw\u00f3j Zwi\u0105zek Zawodowy\",\"potentialAction\":[{\"@type\":\"SearchAction\",\"target\":{\"@type\":\"EntryPoint\",\"urlTemplate\":\"https:\/\/cywilni-ucs.pl\/?s={search_term_string}\"},\"query-input\":{\"@type\":\"PropertyValueSpecification\",\"valueRequired\":true,\"valueName\":\"search_term_string\"}}],\"inLanguage\":\"pl-PL\"}]}<\/script>\n<!-- \/ Yoast SEO plugin. -->","yoast_head_json":{"title":"Polityka Cookies - OZZ Cywilni UCS","robots":{"index":"index","follow":"follow","max-snippet":"max-snippet:-1","max-image-preview":"max-image-preview:large","max-video-preview":"max-video-preview:-1"},"canonical":"https:\/\/cywilni-ucs.pl\/?page_id=118","og_locale":"pl_PL","og_type":"article","og_title":"Polityka Cookies - OZZ Cywilni UCS","og_description":"[&hellip;]","og_url":"https:\/\/cywilni-ucs.pl\/?page_id=118","og_site_name":"OZZ Cywilni UCS","article_modified_time":"2025-06-10T15:07:44+00:00","twitter_card":"summary_large_image","twitter_misc":{"Szacowany czas czytania":"2 minuty"},"schema":{"@context":"https:\/\/schema.org","@graph":[{"@type":"WebPage","@id":"https:\/\/cywilni-ucs.pl\/?page_id=118","url":"https:\/\/cywilni-ucs.pl\/?page_id=118","name":"Polityka Cookies - OZZ Cywilni UCS","isPartOf":{"@id":"https:\/\/cywilni-ucs.pl\/#website"},"datePublished":"2025-04-27T15:38:04+00:00","dateModified":"2025-06-10T15:07:44+00:00","breadcrumb":{"@id":"https:\/\/cywilni-ucs.pl\/?page_id=118#breadcrumb"},"inLanguage":"pl-PL","potentialAction":[{"@type":"ReadAction","target":["https:\/\/cywilni-ucs.pl\/?page_id=118"]}]},{"@type":"BreadcrumbList","@id":"https:\/\/cywilni-ucs.pl\/?page_id=118#breadcrumb","itemListElement":[{"@type":"ListItem","position":1,"name":"Home","item":"https:\/\/cywilni-ucs.pl\/"},{"@type":"ListItem","position":2,"name":"Polityka Cookies"}]},{"@type":"WebSite","@id":"https:\/\/cywilni-ucs.pl\/#website","url":"https:\/\/cywilni-ucs.pl\/","name":"OZZ Cywilni UCS","description":"Tw\u00f3j Zwi\u0105zek Zawodowy","potentialAction":[{"@type":"SearchAction","target":{"@type":"EntryPoint","urlTemplate":"https:\/\/cywilni-ucs.pl\/?s={search_term_string}"},"query-input":{"@type":"PropertyValueSpecification","valueRequired":true,"valueName":"search_term_string"}}],"inLanguage":"pl-PL"}]}},"_links":{"self":[{"href":"https:\/\/cywilni-ucs.pl\/index.php?rest_route=\/wp\/v2\/pages\/118","targetHints":{"allow":["GET"]}}],"collection":[{"href":"https:\/\/cywilni-ucs.pl\/index.php?rest_route=\/wp\/v2\/pages"}],"about":[{"href":"https:\/\/cywilni-ucs.pl\/index.php?rest_route=\/wp\/v2\/types\/page"}],"author":[{"embeddable":true,"href":"https:\/\/cywilni-ucs.pl\/index.php?rest_route=\/wp\/v2\/users\/1"}],"replies":[{"embeddable":true,"href":"https:\/\/cywilni-ucs.pl\/index.php?rest_route=%2Fwp%2Fv2%2Fcomments&post=118"}],"version-history":[{"count":5,"href":"https:\/\/cywilni-ucs.pl\/index.php?rest_route=\/wp\/v2\/pages\/118\/revisions"}],"predecessor-version":[{"id":255,"href":"https:\/\/cywilni-ucs.pl\/index.php?rest_route=\/wp\/v2\/pages\/118\/revisions\/255"}],"wp:attachment":[{"href":"https:\/\/cywilni-ucs.pl\/index.php?rest_route=%2Fwp%2Fv2%2Fmedia&parent=118"}],"curies":[{"name":"wp","href":"https:\/\/api.w.org\/{rel}","templated":true}]}}